{"id":5,"date":"2020-08-12T09:44:46","date_gmt":"2020-08-12T07:44:46","guid":{"rendered":"https:\/\/www.gaelleboulvin.be\/?page_id=5"},"modified":"2021-04-01T16:44:05","modified_gmt":"2021-04-01T14:44:05","slug":"accueil","status":"publish","type":"page","link":"https:\/\/www.gaelleboulvin.be\/","title":{"rendered":"Accueil"},"content":{"rendered":"\n<p>Bienvenue sur votre site&nbsp;! C\u2019est votre page d\u2019accueil que vos visiteurs verront lorsqu\u2019ils arriveront sur votre site la premi\u00e8re fois.<\/p>\n","protected":false},"excerpt":{"rendered":"<p>Bienvenue sur votre site&nbsp;! C\u2019est votre page d\u2019accueil que vos visiteurs verront lorsqu\u2019ils arriveront sur votre site la premi\u00e8re fois.<\/p>\n","protected":false},"author":1,"featured_media":0,"parent":0,"menu_order":0,"comment_status":"closed","ping_status":"closed","template":"","meta":{"footnotes":""},"class_list":["post-5","page","type-page","status-publish","hentry"],"yoast_head":"<!-- This site is optimized with the Yoast SEO plugin v17.6 - https:\/\/yoast.com\/wordpress\/plugins\/seo\/ -->\n<title>Gaelle Boulvin - Psychologue clinicienne - TCC - Etterbeek<\/title>\n<meta name=\"description\" content=\"Gaelle Boulvin - Psychologue Clinicienne agr\u00e9\u00e9e sur Etterbeek et Woluw\u00e9 Saint Pierre - Th\u00e9rapie Cognitivo-Comportementale (TCC)\" \/>\n<meta name=\"robots\" content=\"index, follow, max-snippet:-1, max-image-preview:large, max-video-preview:-1\" \/>\n<link rel=\"canonical\" href=\"https:\/\/www.gaelleboulvin.be\/\" \/>\n<meta property=\"og:locale\" content=\"fr_FR\" \/>\n<meta property=\"og:type\" content=\"article\" \/>\n<meta property=\"og:title\" content=\"Gaelle Boulvin - Psychologue clinicienne - TCC - Etterbeek\" \/>\n<meta property=\"og:description\" content=\"Gaelle Boulvin - Psychologue Clinicienne agr\u00e9\u00e9e sur Etterbeek et Woluw\u00e9 Saint Pierre - Th\u00e9rapie Cognitivo-Comportementale (TCC)\" \/>\n<meta property=\"og:url\" content=\"https:\/\/www.gaelleboulvin.be\/\" \/>\n<meta property=\"og:site_name\" content=\"Gaelle Boulvin\" \/>\n<meta property=\"article:modified_time\" content=\"2021-04-01T14:44:05+00:00\" \/>\n<meta name=\"twitter:card\" content=\"summary_large_image\" \/>\n<script type=\"application\/ld+json\" class=\"yoast-schema-graph\">{\"@context\":\"https:\/\/schema.org\",\"@graph\":[{\"@type\":[\"Person\",\"Organization\"],\"@id\":\"https:\/\/www.gaelleboulvin.be\/#\/schema\/person\/eeac156ea4386d70a357d6c8c90795c3\",\"name\":\"Gaelle Boulvin\",\"image\":{\"@type\":\"ImageObject\",\"@id\":\"https:\/\/www.gaelleboulvin.be\/#personlogo\",\"inLanguage\":\"fr-FR\",\"url\":\"https:\/\/secure.gravatar.com\/avatar\/a4b7af5a0ab7c5e9809f02218536c2de3c3e6eaed64316b56ecd5a07e7a3d583?s=96&d=mm&r=g\",\"contentUrl\":\"https:\/\/secure.gravatar.com\/avatar\/a4b7af5a0ab7c5e9809f02218536c2de3c3e6eaed64316b56ecd5a07e7a3d583?s=96&d=mm&r=g\",\"caption\":\"Gaelle Boulvin\"},\"logo\":{\"@id\":\"https:\/\/www.gaelleboulvin.be\/#personlogo\"}},{\"@type\":\"WebSite\",\"@id\":\"https:\/\/www.gaelleboulvin.be\/#website\",\"url\":\"https:\/\/www.gaelleboulvin.be\/\",\"name\":\"Gaelle Boulvin\",\"description\":\"Psychologue clinicienne\",\"publisher\":{\"@id\":\"https:\/\/www.gaelleboulvin.be\/#\/schema\/person\/eeac156ea4386d70a357d6c8c90795c3\"},\"potentialAction\":[{\"@type\":\"SearchAction\",\"target\":{\"@type\":\"EntryPoint\",\"urlTemplate\":\"https:\/\/www.gaelleboulvin.be\/?s={search_term_string}\"},\"query-input\":\"required name=search_term_string\"}],\"inLanguage\":\"fr-FR\"},{\"@type\":\"WebPage\",\"@id\":\"https:\/\/www.gaelleboulvin.be\/#webpage\",\"url\":\"https:\/\/www.gaelleboulvin.be\/\",\"name\":\"Gaelle Boulvin - Psychologue clinicienne - TCC - Etterbeek\",\"isPartOf\":{\"@id\":\"https:\/\/www.gaelleboulvin.be\/#website\"},\"datePublished\":\"2020-08-12T07:44:46+00:00\",\"dateModified\":\"2021-04-01T14:44:05+00:00\",\"description\":\"Gaelle Boulvin - Psychologue Clinicienne agr\\u00e9\\u00e9e sur Etterbeek et Woluw\\u00e9 Saint Pierre - Th\\u00e9rapie Cognitivo-Comportementale (TCC)\",\"breadcrumb\":{\"@id\":\"https:\/\/www.gaelleboulvin.be\/#breadcrumb\"},\"inLanguage\":\"fr-FR\",\"potentialAction\":[{\"@type\":\"ReadAction\",\"target\":[\"https:\/\/www.gaelleboulvin.be\/\"]}]},{\"@type\":\"BreadcrumbList\",\"@id\":\"https:\/\/www.gaelleboulvin.be\/#breadcrumb\",\"itemListElement\":[{\"@type\":\"ListItem\",\"position\":1,\"name\":\"Accueil\",\"item\":\"https:\/\/www.gaelleboulvin.be\/\"},{\"@type\":\"ListItem\",\"position\":2,\"name\":\"Accueil\"}]}]}<\/script>\n<!-- \/ Yoast SEO plugin. -->","yoast_head_json":{"title":"Gaelle Boulvin - Psychologue clinicienne - TCC - Etterbeek","description":"Gaelle Boulvin - Psychologue Clinicienne agr\u00e9\u00e9e sur Etterbeek et Woluw\u00e9 Saint Pierre - Th\u00e9rapie Cognitivo-Comportementale (TCC)","robots":{"index":"index","follow":"follow","max-snippet":"max-snippet:-1","max-image-preview":"max-image-preview:large","max-video-preview":"max-video-preview:-1"},"canonical":"https:\/\/www.gaelleboulvin.be\/","og_locale":"fr_FR","og_type":"article","og_title":"Gaelle Boulvin - Psychologue clinicienne - TCC - Etterbeek","og_description":"Gaelle Boulvin - Psychologue Clinicienne agr\u00e9\u00e9e sur Etterbeek et Woluw\u00e9 Saint Pierre - Th\u00e9rapie Cognitivo-Comportementale (TCC)","og_url":"https:\/\/www.gaelleboulvin.be\/","og_site_name":"Gaelle Boulvin","article_modified_time":"2021-04-01T14:44:05+00:00","twitter_card":"summary_large_image","schema":{"@context":"https:\/\/schema.org","@graph":[{"@type":["Person","Organization"],"@id":"https:\/\/www.gaelleboulvin.be\/#\/schema\/person\/eeac156ea4386d70a357d6c8c90795c3","name":"Gaelle Boulvin","image":{"@type":"ImageObject","@id":"https:\/\/www.gaelleboulvin.be\/#personlogo","inLanguage":"fr-FR","url":"https:\/\/secure.gravatar.com\/avatar\/a4b7af5a0ab7c5e9809f02218536c2de3c3e6eaed64316b56ecd5a07e7a3d583?s=96&d=mm&r=g","contentUrl":"https:\/\/secure.gravatar.com\/avatar\/a4b7af5a0ab7c5e9809f02218536c2de3c3e6eaed64316b56ecd5a07e7a3d583?s=96&d=mm&r=g","caption":"Gaelle Boulvin"},"logo":{"@id":"https:\/\/www.gaelleboulvin.be\/#personlogo"}},{"@type":"WebSite","@id":"https:\/\/www.gaelleboulvin.be\/#website","url":"https:\/\/www.gaelleboulvin.be\/","name":"Gaelle Boulvin","description":"Psychologue clinicienne","publisher":{"@id":"https:\/\/www.gaelleboulvin.be\/#\/schema\/person\/eeac156ea4386d70a357d6c8c90795c3"},"potentialAction":[{"@type":"SearchAction","target":{"@type":"EntryPoint","urlTemplate":"https:\/\/www.gaelleboulvin.be\/?s={search_term_string}"},"query-input":"required name=search_term_string"}],"inLanguage":"fr-FR"},{"@type":"WebPage","@id":"https:\/\/www.gaelleboulvin.be\/#webpage","url":"https:\/\/www.gaelleboulvin.be\/","name":"Gaelle Boulvin - Psychologue clinicienne - TCC - Etterbeek","isPartOf":{"@id":"https:\/\/www.gaelleboulvin.be\/#website"},"datePublished":"2020-08-12T07:44:46+00:00","dateModified":"2021-04-01T14:44:05+00:00","description":"Gaelle Boulvin - Psychologue Clinicienne agr\u00e9\u00e9e sur Etterbeek et Woluw\u00e9 Saint Pierre - Th\u00e9rapie Cognitivo-Comportementale (TCC)","breadcrumb":{"@id":"https:\/\/www.gaelleboulvin.be\/#breadcrumb"},"inLanguage":"fr-FR","potentialAction":[{"@type":"ReadAction","target":["https:\/\/www.gaelleboulvin.be\/"]}]},{"@type":"BreadcrumbList","@id":"https:\/\/www.gaelleboulvin.be\/#breadcrumb","itemListElement":[{"@type":"ListItem","position":1,"name":"Accueil","item":"https:\/\/www.gaelleboulvin.be\/"},{"@type":"ListItem","position":2,"name":"Accueil"}]}]}},"_links":{"self":[{"href":"https:\/\/www.gaelleboulvin.be\/index.php\/wp-json\/wp\/v2\/pages\/5","targetHints":{"allow":["GET"]}}],"collection":[{"href":"https:\/\/www.gaelleboulvin.be\/index.php\/wp-json\/wp\/v2\/pages"}],"about":[{"href":"https:\/\/www.gaelleboulvin.be\/index.php\/wp-json\/wp\/v2\/types\/page"}],"author":[{"embeddable":true,"href":"https:\/\/www.gaelleboulvin.be\/index.php\/wp-json\/wp\/v2\/users\/1"}],"replies":[{"embeddable":true,"href":"https:\/\/www.gaelleboulvin.be\/index.php\/wp-json\/wp\/v2\/comments?post=5"}],"version-history":[{"count":2,"href":"https:\/\/www.gaelleboulvin.be\/index.php\/wp-json\/wp\/v2\/pages\/5\/revisions"}],"predecessor-version":[{"id":96,"href":"https:\/\/www.gaelleboulvin.be\/index.php\/wp-json\/wp\/v2\/pages\/5\/revisions\/96"}],"wp:attachment":[{"href":"https:\/\/www.gaelleboulvin.be\/index.php\/wp-json\/wp\/v2\/media?parent=5"}],"curies":[{"name":"wp","href":"https:\/\/api.w.org\/{rel}","templated":true}]}}